{"id":771,"date":"2023-06-18T18:14:09","date_gmt":"2023-06-18T18:14:09","guid":{"rendered":"http:\/\/hannahdegroth.de\/?page_id=771"},"modified":"2023-06-18T18:14:10","modified_gmt":"2023-06-18T18:14:10","slug":"buecher","status":"publish","type":"page","link":"https:\/\/hannahdegroth.de\/?page_id=771","title":{"rendered":"B\u00fccher"},"content":{"rendered":"\n<h3 class=\"wp-block-heading\"><strong>&#8222;Stille&#8220;<\/strong><\/h3>\n\n\n\n<p class=\"has-text-align-center\">Mit Koautorin <a href=\"http:\/\/jana-g\u00e4bert.de\/\">Jana G\u00e4bert<\/a><\/p>\n\n\n<div class=\"wp-block-image\">\n<figure class=\"alignright\"><a href=\"http:\/\/hannahdegroth.de\/wp-content\/uploads\/2017\/11\/Stille_Nur_Buch_klein.png\"><img loading=\"lazy\" decoding=\"async\" width=\"205\" height=\"300\" src=\"http:\/\/hannahdegroth.de\/wp-content\/uploads\/2017\/11\/Stille_Nur_Buch_klein-205x300.png\" alt=\"\" class=\"wp-image-491\" srcset=\"https:\/\/hannahdegroth.de\/wp-content\/uploads\/2017\/11\/Stille_Nur_Buch_klein-205x300.png 205w, https:\/\/hannahdegroth.de\/wp-content\/uploads\/2017\/11\/Stille_Nur_Buch_klein-768x1124.png 768w, https:\/\/hannahdegroth.de\/wp-content\/uploads\/2017\/11\/Stille_Nur_Buch_klein-700x1024.png 700w, https:\/\/hannahdegroth.de\/wp-content\/uploads\/2017\/11\/Stille_Nur_Buch_klein-370x542.png 370w, https:\/\/hannahdegroth.de\/wp-content\/uploads\/2017\/11\/Stille_Nur_Buch_klein-1040x1522.png 1040w, https:\/\/hannahdegroth.de\/wp-content\/uploads\/2017\/11\/Stille_Nur_Buch_klein.png 1165w\" sizes=\"auto, (max-width: 205px) 100vw, 205px\" \/><\/a><\/figure><\/div>\n\n\n<p>Einmal ein Tabu brechen? Das bizarre Abenteuer mit diesem \u00e4u\u00dferst selbstbewussten Professor wagen? Diese Gedanken lassen Tatjana nicht mehr los. Die junge Studentin ist verwirrt, f\u00fchrt sie doch eine gl\u00fcckliche Beziehung mit ihrem Freund mit Aussicht auf Hochzeit und Kinder.<\/p>\n\n\n\n<p>Doch als Tatjana anf\u00e4ngt, sich auf den geheimnisvollen Mentor einzulassen, holt die Realit\u00e4t sie r\u00fccksichtslos ein. Mit dem Semesterstart treibt ein brutaler Vergewaltiger und M\u00f6rder sein Unwesen rund um den Campus. Mehrere tote M\u00e4dchen werden im Fluss gefunden. Ist sie selbst durch ihr Verhalten nun auch in Gefahr? Warum trifft es stets Frauen aus Tatjanas Umfeld? Und welche Rolle spielt dabei der dominante Professor, der sich immer st\u00e4rker in ihr Leben dr\u00e4ngt? Hat sie \u00fcberhaupt eine Chance, heil aus dem Ganzen herauszukommen?<\/p>\n\n\n\n<p>Dieses Buch zeigt, wie schnell aus einem Spiel unerwartet Liebe und aus Liebe pl\u00f6tzlich Besessenheit werden kann. Wir laden Sie dazu ein, in Tatjanas moralischen Zwiespalt einzutauchen und mitzufiebern, wie sie eine neue Seite in sich entdeckt und sich zeitgleich in eigene Widerspr\u00fcche verwickelt. Wie w\u00fcrden Sie entscheiden? Und h\u00e4tten Sie gewusst, wer die Bestie vom Campus ist?<\/p>\n\n\n\n<p>Verlag: BoD \/ ISBN: 9783746034454 \/ Erschienen: 2017 \/ Seiten: 176\/ Ladenpreis: \u20ac 6,95<\/p>\n\n\n\n<p><span style=\"color: #ff0000;\"><a style=\"color: #ff0000;\" href=\"https:\/\/bookview.libreka.de\/preview\/10006\/9783746034454?session=543374b8713b8e9f6bdeea2840565b74d26c72bd\">Leseprobe&nbsp;<\/a> &nbsp; <a style=\"color: #ff0000;\" href=\"https:\/\/www.thalia.de\/shop\/home\/suchartikel\/stille\/hannah_degroth\/EAN9783746034454\/ID90656431.html\">Bestellen bei Thalia<\/a>&nbsp; &nbsp; <\/span><a href=\"https:\/\/www.amazon.de\/Stille-weil-dich-keiner-h%C3%B6ren\/dp\/3746034450\/ref=sr_1_1?ie=UTF8&amp;qid=1512666482&amp;sr=8-1&amp;keywords=stille+hannah+degroth\"><span style=\"color: #ff0000;\">Bestellen bei Amazon<\/span><\/a><\/p>\n\n\n\n<p class=\"has-text-align-center\">&#8211;<\/p>\n\n\n\n<h3 class=\"wp-block-heading\">&nbsp;<strong>&#8222;Blickwinkel&#8220;<\/strong><\/h3>\n\n\n\n<p class=\"has-text-align-center\">Mit Koautorin <a href=\"http:\/\/jana-g\u00e4bert.de\/\">Jana G\u00e4bert<\/a><\/p>\n\n\n\n<p class=\"has-text-align-left\">&nbsp;Sie kommen nach Hause und Ihre Haust\u00fcr steht offen, obwohl sie vorher sicher abgeschlossen war? Niemand ist in der Wohnung und doch wirkt Ihr Heim etwas anders als zuvor? Stand die kleine Fotografie Ihrer Tochter nicht an einem anderen Platz? Und von wem sind die Blumen ohne Absender vor der T\u00fcr?<\/p>\n\n\n<div class=\"wp-block-image\">\n<figure class=\"alignleft\"><a href=\"http:\/\/hannahdegroth.de\/wp-content\/uploads\/2016\/06\/Blickwinkel_nur_Buch_klein.png\"><img loading=\"lazy\" decoding=\"async\" width=\"194\" height=\"300\" src=\"http:\/\/hannahdegroth.de\/wp-content\/uploads\/2016\/06\/Blickwinkel_nur_Buch_klein-194x300.png\" alt=\"\" class=\"wp-image-452\" srcset=\"https:\/\/hannahdegroth.de\/wp-content\/uploads\/2016\/06\/Blickwinkel_nur_Buch_klein-194x300.png 194w, https:\/\/hannahdegroth.de\/wp-content\/uploads\/2016\/06\/Blickwinkel_nur_Buch_klein-768x1189.png 768w, https:\/\/hannahdegroth.de\/wp-content\/uploads\/2016\/06\/Blickwinkel_nur_Buch_klein-661x1024.png 661w, https:\/\/hannahdegroth.de\/wp-content\/uploads\/2016\/06\/Blickwinkel_nur_Buch_klein-370x573.png 370w, https:\/\/hannahdegroth.de\/wp-content\/uploads\/2016\/06\/Blickwinkel_nur_Buch_klein.png 1001w\" sizes=\"auto, (max-width: 194px) 100vw, 194px\" \/><\/a><\/figure><\/div>\n\n\n<p class=\"has-text-align-left\">Dieser Albtraum wird f\u00fcr die junge Elena zur Realit\u00e4t. Ein geheimnisvoller Verehrer tritt in ihr Leben und wird f\u00fcr sie zu einer unberechenbaren Bedrohung. Schon bald reicht es dem T\u00e4ter nicht mehr, Elena nur mit Kleinigkeiten aus der Bahn zu werfen. Als ihre beste Freundin spurlos verschwindet, sind nicht nur die Kommissare Schorn und Heinze ratlos. Noch seltsamer ist es, dass der T\u00e4ter die junge Frau nach Wochen wieder freil\u00e4sst. Warum weigert sich diese strikt, eine Aussage bei der Polizei zu machen, weisen ihre Wunden doch auf ein schauriges Gewaltverbrechen hin? Seiner Gier und Besessenheit ausgeliefert, ger\u00e4t Elena in einen gef\u00e4hrlichen Zwiespalt: Soll sie sich wehren oder \u00fcberleben und akzeptieren?<\/p>\n\n\n\n<p>In diesem Thriller wird das Schicksal der jungen Elena aus verschiedenen Blickwinkeln erz\u00e4hlt. Fiebern Sie Seite f\u00fcr Seite mit und tauchen Sie ein in das Verwirrspiel mit bitterem Beigeschmack.<\/p>\n\n\n\n<p class=\"has-text-align-left\">Verlag: BoD \/ ISBN: 9783743191129 \/ Erschienen: 2017 \/ Seiten: 236\/ Ladenpreis: \u20ac 8,95<\/p>\n\n\n\n<p class=\"has-text-align-left\"><span style=\"color: #ff0000;\"><a style=\"color: #ff0000;\" href=\"https:\/\/webreader.mytolino.com\/reader\/index.html#\/epub?epuburl=https:%2F%2Fleseprobe.buch.de%2Fimages-adb%2Ffd%2Fca%2Ffdca82e2-bf0a-4ba8-a423-f55cd13ec88b.epub&amp;purchaseurl=https:%2F%2Fwww.thalia.de%2Fshop%2Febooks-4893%2Fwarenkorb%2Fadd%2F%3FartikelId%3D62095421&amp;backref=https:%2F%2Fwww.thalia.de%2Fshop%2Febooks-4893%2Fartikeldetails%2Fblickwinkel%2Fjana_gaebert%2FEAN9783744824262%2FID62095421.html\" target=\"_blank\" rel=\"noopener noreferrer\">Leseprobe<\/a><\/span><span style=\"color: #ff0000;\"> &nbsp; &nbsp;&nbsp; <a style=\"color: #ff0000;\" href=\"https:\/\/www.thalia.de\/shop\/home\/verknuepfung\/blickwinkel\/jana_gaebert\/EAN9783743191129\/ID61760777.html\" target=\"_blank\" rel=\"noopener noreferrer\">Bestellen bei Thalia<\/a> &nbsp; &nbsp;&nbsp; <a style=\"color: #ff0000;\" href=\"https:\/\/www.amazon.de\/Blickwinkel-wir-glaubten-w%C3%A4re-anders\/dp\/3743191121\/ref=sr_1_4?ie=UTF8&amp;qid=1493759669&amp;sr=8-4&amp;keywords=Blickwinkel\" target=\"_blank\" rel=\"noopener noreferrer\">Bestellen bei Amazon<\/a><\/span><\/p>\n\n\n\n<p class=\"has-text-align-center\">&#8211;<\/p>\n\n\n\n<h3 class=\"wp-block-heading\"><strong>&#8222;Menschenkind&#8220;<\/strong><\/h3>\n\n\n\n<p class=\"has-text-align-center\">Mit Koautorin <a href=\"http:\/\/jana-g\u00e4bert.de\/\">Jana G\u00e4bert<\/a><\/p>\n\n\n<div class=\"wp-block-image\">\n<figure class=\"alignright\"><a href=\"http:\/\/hannahdegroth.de\/wp-content\/uploads\/2015\/07\/Werbung-neu-ohne-Sommer.jpg\"><img loading=\"lazy\" decoding=\"async\" width=\"300\" height=\"227\" src=\"http:\/\/hannahdegroth.de\/wp-content\/uploads\/2015\/07\/Werbung-neu-ohne-Sommer-300x227.jpg\" alt=\"Werbung neu ohne Sommer\" class=\"wp-image-292\" srcset=\"https:\/\/hannahdegroth.de\/wp-content\/uploads\/2015\/07\/Werbung-neu-ohne-Sommer-300x227.jpg 300w, https:\/\/hannahdegroth.de\/wp-content\/uploads\/2015\/07\/Werbung-neu-ohne-Sommer-370x281.jpg 370w, https:\/\/hannahdegroth.de\/wp-content\/uploads\/2015\/07\/Werbung-neu-ohne-Sommer.jpg 753w\" sizes=\"auto, (max-width: 300px) 100vw, 300px\" \/><\/a><\/figure><\/div>\n\n\n<p>Niemals krank werden, Intelligenz und St\u00e4rke vereint, Perfektion bis zur letzten menschlichen Zelle. Nie wieder sollte ein Kind kr\u00e4nklich zur Welt kommen. Das war Dr. Fabinis sehnlichster Wunsch, bis vor knapp f\u00fcnfzehn Jahren seine Studie an genetisch ver\u00e4nderten Kindern unterbrochen wurde und die \u00d6ffentlichkeit von diesem Projekt erfuhr.<br>Die Kinder? Ein unfertiges \u00dcberbleibsel einer Vision, unvollkommen, nicht perfekt genug und nicht in der Lage ihren Zweck g\u00e4nzlich zu erf\u00fcllen. Sie waren etwas, das nicht in die menschliche Gesellschaft passte. Ein Hybrid, aber menschlich? Kann es lieben, kann es f\u00fchlen?<\/p>\n\n\n\n<p>Dieser Roman widmet sich einer Frage, einer Wahrheit, die denkbar in unserer Gesellschaft vorkommen k\u00f6nnte. Traut euch, nehmt dieses Buch zur Hand, und verfolgt das Schicksal einer Frau, deren Leben sich in einem moralischen Zwiespalt befindet.<\/p>\n\n\n\n<p>Verlag: BoD \/ ISBN: 9783842342460 \/ Erschienen: 2016 \/ Seiten: 300\/ Ladenpreis: \u20ac 8,95<\/p>\n\n\n\n<p><span style=\"color: #ff0000;\"><a style=\"color: #ff0000;\" href=\"https:\/\/webreader.mytolino.com\/reader\/index.html#\/epub?epuburl=https:%2F%2Fleseprobe.buch.de%2Fimages-adb%2Fcf%2Fa2%2Fcfa2863a-9887-49fa-b836-5205a54a184d.epub&amp;purchaseurl=https:%2F%2Fwww.thalia.de%2Fshop%2Ffantasy-science-fiction-4895%2Fwarenkorb%2Fadd%2F%3FartikelId%3D45377276&amp;backref=https:%2F%2Fwww.thalia.de%2Fshop%2Ffantasy-science-fiction-4895%2Fartikeldetails%2Fmenschenkind%2Fhannah_degroth%2FEAN9783741221781%2FID45377276.html\">Leseprobe<\/a>&nbsp;&nbsp;&nbsp;&nbsp;&nbsp;&nbsp;&nbsp; <a style=\"color: #ff0000;\" href=\"http:\/\/www.thalia.de\/shop\/home\/mehrvonartikel\/menschenkind\/hannah_degroth\/EAN9783842342460\/ID45300223.html?jumpId=6562075\">Bestellen bei Thalia<\/a>&nbsp; &nbsp; &nbsp;&nbsp; <span style=\"color: #ff0000;\"><a style=\"color: #ff0000;\" href=\"https:\/\/www.amazon.de\/Menschenkind-wir-glaubten-w%C3%A4ren-anders-ebook\/dp\/B01FSF95X4\/ref=sr_1_2?s=digital-text&amp;ie=UTF8&amp;qid=1476831947&amp;sr=1-2\">Bestellen bei Amazon<\/a><\/span><br><\/span><\/p>\n\n\n\n<p class=\"has-text-align-center\">&#8211;<\/p>\n\n\n\n<h3 class=\"wp-block-heading\"><strong>&#8222;B\u00d6SES IST RELATIV&#8220; die Trilogie<\/strong><\/h3>\n\n\n\n<figure class=\"wp-block-image\"><a href=\"http:\/\/hannahdegroth.de\/wp-content\/uploads\/2016\/06\/3_Baende_mittel.jpg\"><img loading=\"lazy\" decoding=\"async\" width=\"1089\" height=\"585\" src=\"http:\/\/hannahdegroth.de\/wp-content\/uploads\/2016\/06\/3_Baende_mittel.jpg\" alt=\"3_Baende_mittel\" class=\"wp-image-384\" srcset=\"https:\/\/hannahdegroth.de\/wp-content\/uploads\/2016\/06\/3_Baende_mittel.jpg 1089w, https:\/\/hannahdegroth.de\/wp-content\/uploads\/2016\/06\/3_Baende_mittel-300x161.jpg 300w, https:\/\/hannahdegroth.de\/wp-content\/uploads\/2016\/06\/3_Baende_mittel-768x413.jpg 768w, https:\/\/hannahdegroth.de\/wp-content\/uploads\/2016\/06\/3_Baende_mittel-1024x550.jpg 1024w, https:\/\/hannahdegroth.de\/wp-content\/uploads\/2016\/06\/3_Baende_mittel-370x199.jpg 370w, https:\/\/hannahdegroth.de\/wp-content\/uploads\/2016\/06\/3_Baende_mittel-1040x559.jpg 1040w\" sizes=\"auto, (max-width: 1089px) 100vw, 1089px\" \/><\/a><\/figure>\n\n\n\n<p class=\"has-text-align-center\"><\/p>\n\n\n\n<h6 class=\"wp-block-heading\"><span style=\"color: #000000;\">Achtung: Seit Ende 2016 ist die Triologie in neuem Design erschienen.<\/span><\/h6>\n\n\n\n<p class=\"has-text-align-center\">&#8211;<\/p>\n\n\n\n<h3 class=\"wp-block-heading\"><strong>&#8222;B\u00f6ses ist Relativ \/ Band 1 &#8211; Das Tyriyal&#8220;<\/strong><\/h3>\n\n\n<div class=\"wp-block-image\">\n<figure class=\"alignright\"><a href=\"http:\/\/hannahdegroth.de\/wp-content\/uploads\/2016\/06\/BIR1.png\"><img loading=\"lazy\" decoding=\"async\" width=\"213\" height=\"300\" src=\"http:\/\/hannahdegroth.de\/wp-content\/uploads\/2016\/06\/BIR1-213x300.png\" alt=\"BIR1\" class=\"wp-image-369\" srcset=\"https:\/\/hannahdegroth.de\/wp-content\/uploads\/2016\/06\/BIR1-213x300.png 213w, https:\/\/hannahdegroth.de\/wp-content\/uploads\/2016\/06\/BIR1-370x522.png 370w, https:\/\/hannahdegroth.de\/wp-content\/uploads\/2016\/06\/BIR1.png 696w\" sizes=\"auto, (max-width: 213px) 100vw, 213px\" \/><\/a><\/figure><\/div>\n\n\n<p>Tauch ein in einen bizarren Blickwinkel der Psyche. Hier verpaart sich Fantasy mit Realit\u00e4t, B\u00f6ses mit dem Guten und Freundschaft mit Liebe. In diesem Buch findest du die Unterlagen von Anna van Grothburg und wirst Teil eines Kampfes jenseits des Vorstellbaren. Anna ist ein junges M\u00e4dchen, das fast schon beh\u00fctet aufgewachsen ist, bis zu dem Tag an dem ihr schmerzlich vor Augen gef\u00fchrt wird wer ihre Br\u00fcder sind. Schon bald findet sie mit ihren Freunden zusammen heraus, aus was f\u00fcr einer seltsamen Familie sie entstammt und warum sich ihre Br\u00fcder in letzter Zeit so anders verhalten. Ihr Leben klingt nach einer widerlichen Z\u00fcchtung, hat etwa jemand das ganze Blut der Familie bewusst zusammen gehalten und eine klare Erblinie geschaffen? Aber warum? Und wie ist das m\u00f6glich? Mit aller Kraft versucht Anna ihr Schicksal selbst zu gestalten und findet heraus, wer seit Jahrhunderten das Blut der Familie vorherbestimmt. Ein Sturm aus bitteren Zweifeln beginnt. Anna scheint unf\u00e4hig allein zu verhindern was auf sie zu kommt und verstrickt sich immer mehr in einem Netz aus bitteren Wahrheiten. Hilflos klammert sie sich an die Liebe zu ihren Br\u00fcdern, mit fatalem Ausma\u00df. Denn was ist wenn man mehr f\u00fcr seinen Bruder empfindet, als man darf? Allerdings steht Anna nicht allein da. Sie hat Freunde, die mit aller Kraft versuchen das Richtige tun. Das Richtige? Finde heraus, was der richtige Weg ist. Sofern man das denn so einfach beantworten kann. In diesem Buch wird der Leser durch kunstvolle Schreibweise involviert und kann somit eintauchen in ein Buch, das mehr ist als es augenscheinlich preisgibt.<\/p>\n\n\n\n<p><span style=\"color: #000000;\">Neuauflage ab jetzt im Handel erh\u00e4ltlich. Auch als E-Book!<br><\/span><\/p>\n\n\n\n<p>Verlag: BoD \/ ISBN: 9783741281631 \/ Erschienen: 2016 \/ Seiten: 300\/ Ladenpreis: \u20ac 8,95&nbsp;<span style=\"color: #ff0000;\">&nbsp; &nbsp; <\/span><\/p>\n\n\n\n<p><span style=\"color: #ff0000;\"><a style=\"color: #ff0000;\" href=\"https:\/\/webreader.mytolino.com\/reader\/index.html#\/epub?epuburl=https:%2F%2Fleseprobe.buch.de%2Fimages-adb%2F42%2F4d%2F424d361b-1e42-4240-bd34-b640cb3383a9.epub&amp;purchaseurl=https:%2F%2Fwww.thalia.de%2Fshop%2Febooks-4893%2Fwarenkorb%2Fadd%2F%3FartikelId%3D47168979&amp;backref=https:%2F%2Fwww.thalia.de%2Fshop%2Febooks-4893%2Fartikeldetails%2Fboeses_ist_relativ%2Fhannah_degroth%2FEAN9783743168831%2FID47168979.html\">Leseprobe<\/a><\/span>&nbsp;&nbsp;&nbsp; <span style=\"color: #ff0000;\"><a style=\"color: #ff0000;\" href=\"http:\/\/www.thalia.de\/shop\/hoerbuecher\/suchartikel\/boeses_ist_relativ\/degroth_hannah\/EAN9783741281631\/ID46883964.html?jumpId=6556373&amp;suchId=a69de6ff-d167-4cf3-8858-b7eec72a2a06\">Bestellen bei Thalia<\/a>&nbsp;&nbsp;&nbsp; <a style=\"color: #ff0000;\" href=\"https:\/\/www.amazon.de\/B%C3%B6ses-ist-relativ-Tyriyal-Band-ebook\/dp\/B01M62EC7N\/ref=sr_1_1?s=digital-text&amp;ie=UTF8&amp;qid=1476832028&amp;sr=1-1\">Bestellen bei Amazon<\/a><\/span><\/p>\n\n\n\n<h3 class=\"wp-block-heading\">&nbsp;<\/h3>\n\n\n\n<p class=\"has-text-align-center\">&#8211;<\/p>\n\n\n\n<h3 class=\"wp-block-heading\">&nbsp;<strong>&#8222;B\u00f6ses ist Relativ \/ Band 2 &#8211; Die Existenz&#8220;<\/strong><\/h3>\n\n\n<div class=\"wp-block-image\">\n<figure class=\"alignleft\"><a href=\"http:\/\/hannahdegroth.de\/wp-content\/uploads\/2016\/06\/BIR2.png\"><img loading=\"lazy\" decoding=\"async\" width=\"204\" height=\"300\" src=\"http:\/\/hannahdegroth.de\/wp-content\/uploads\/2016\/06\/BIR2-204x300.png\" alt=\"BIR2\" class=\"wp-image-370\" srcset=\"https:\/\/hannahdegroth.de\/wp-content\/uploads\/2016\/06\/BIR2-204x300.png 204w, https:\/\/hannahdegroth.de\/wp-content\/uploads\/2016\/06\/BIR2-370x543.png 370w, https:\/\/hannahdegroth.de\/wp-content\/uploads\/2016\/06\/BIR2.png 642w\" sizes=\"auto, (max-width: 204px) 100vw, 204px\" \/><\/a><\/figure><\/div>\n\n\n<p>Was ist, wenn ein Kind geboren wird, das bis zu seinem vierzehnten Lebensjahr f\u00fchlen kann und dem dann pl\u00f6tzlich jegliches F\u00fchlen aus seinem Leib gerissen wird? Was, wenn dieser Knabe zum Mann heranreift, der Vergeltung geschworen hat, an allen, die eine Mitschuld an seiner Existenz tragen? Was, wenn ihm der Tod nicht genug ist und er unsterbliches Leben findet, um zu knechten? Dies ist die Geschichte eines Wesens, das den Platz auf Erden nicht gefunden hat. Der Fluch, nicht vollst\u00e4ndig zu sein, treibt ihn dazu, eine Bestie zu werden. Bis ins Heute, wo er immer noch verborgen unter uns weilt. Dieses Buch widmet sich der Seele Vatukais und gibt preis, wie kostbar die Suche nach dem Leid ist. Am Ende liegt es wiedereinmal im Auge des Betrachters, um richtig und falsch in der eigenen Interpretation zu finden. Genie\u00dft es, den Blickwinkel auf die andere Seite.<\/p>\n\n\n\n<p>Verlag: BoD \/ ISBN: 978-3-7412-8208-9 \/ Erschienen: 2016 \/ Seiten: 184 \/ Ladenpreis: \u20ac 6,95<\/p>\n\n\n\n<p><span style=\"color: #ff0000;\"><a style=\"color: #ff0000;\" href=\"https:\/\/webreader.mytolino.com\/reader\/index.html#\/epub?epuburl=https:%2F%2Fleseprobe.buch.de%2Fimages-adb%2F00%2F6c%2F006ce721-91ca-42b3-a641-9a87dd0c8b4b.epub&amp;purchaseurl=https:%2F%2Fwww.thalia.de%2Fshop%2Fhorror-17%2Fwarenkorb%2Fadd%2F%3FartikelId%3D47362192&amp;backref=https:%2F%2Fwww.thalia.de%2Fshop%2Fhorror-17%2Fartikeldetails%2Fboeses_ist_relativ%2Fhannah_degroth%2FISBN3-7412-8136-0%2FID47362192.html\">Leseprobe<\/a>&nbsp;&nbsp;&nbsp; <a style=\"color: #ff0000;\" href=\"http:\/\/www.thalia.de\/shop\/home\/suche\/?sq=9783741282089&amp;sswg=ANY&amp;timestamp=1478461869032\" target=\"_blank\" rel=\"noopener noreferrer\">Bestellen bei Thalia<\/a> &nbsp;&nbsp;&nbsp; <a style=\"color: #ff0000;\" href=\"https:\/\/www.amazon.de\/B%C3%B6ses-ist-relativ-Existenz-Band\/dp\/3741282081\/ref=la_B00JECAAGY_1_1_twi_pap_2?s=books&amp;ie=UTF8&amp;qid=1478462160&amp;sr=1-1\">Bestellen bei Amazon<\/a><\/span><\/p>\n\n\n\n<h3 class=\"wp-block-heading\">&nbsp;<\/h3>\n\n\n\n<p class=\"has-text-align-center\">&#8211;<\/p>\n\n\n\n<h3 class=\"wp-block-heading\"><strong>&#8222;B\u00f6ses ist Relativ \/ Band&nbsp;3 &#8211; Des Wahnsinns letzter Akt&#8220;<\/strong><\/h3>\n\n\n<div class=\"wp-block-image\">\n<figure class=\"alignright\"><a href=\"http:\/\/hannahdegroth.de\/wp-content\/uploads\/2016\/06\/BIR3.png\"><img loading=\"lazy\" decoding=\"async\" width=\"205\" height=\"300\" src=\"http:\/\/hannahdegroth.de\/wp-content\/uploads\/2016\/06\/BIR3-205x300.png\" alt=\"BIR3\" class=\"wp-image-371\" srcset=\"https:\/\/hannahdegroth.de\/wp-content\/uploads\/2016\/06\/BIR3-205x300.png 205w, https:\/\/hannahdegroth.de\/wp-content\/uploads\/2016\/06\/BIR3-370x541.png 370w, https:\/\/hannahdegroth.de\/wp-content\/uploads\/2016\/06\/BIR3.png 666w\" sizes=\"auto, (max-width: 205px) 100vw, 205px\" \/><\/a><\/figure><\/div>\n\n\n<p>Das Ende der Trilogie B\u00f6ses ist Relativ verbindet schl\u00fcssig die vorherigen B\u00fccher miteinander. Hier treffen sich die Charaktere in ihrem letzten Kampf. Dieses Mal aus neuen Blickwinkeln: War Magnus als junger Mann noch ohne Schuld? Und wer ist dieser geheimnisvolle Bund, der mit aller Macht versucht die Reihen der Darcuras zu zerschlagen? Werden Lea und ihre Freunde einen eigenen Weg w\u00e4hlen, um Leonard und Anna zu r\u00e4chen, oder ist es am Ende doch anders als erwartet? Finde es heraus, begleite ein letztes Mal die Van Grothburgs in eine Welt, in der ein Urteil nicht so leicht zu f\u00e4llen ist. Und koste ihn, des Wahnsinns letzten Akt.<\/p>\n\n\n\n<p>Verlag: BoD \/ ISBN: 978-3-7412-8136-5 \/ Erschienen: 2016 \/ Seiten: 184 \/ Ladenpreis: \u20ac 6,95<span style=\"color: #ff0000;\">&nbsp; &nbsp; <\/span><\/p>\n\n\n\n<p><span style=\"color: #ff0000;\"><a style=\"color: #ff0000;\" href=\"https:\/\/webreader.mytolino.com\/reader\/index.html#\/epub?epuburl=https:%2F%2Fleseprobe.buch.de%2Fimages-adb%2F17%2F0a%2F170ab089-e20a-474b-90bd-8920772a52e5.epub&amp;purchaseurl=https:%2F%2Fwww.thalia.de%2Fshop%2Febooks-4893%2Fwarenkorb%2Fadd%2F%3FartikelId%3D47666291&amp;backref=https:%2F%2Fwww.thalia.de%2Fshop%2Febooks-4893%2Fartikeldetails%2Fboeses_ist_relativ%2Fhannah_degroth%2FEAN9783743105737%2FID47666291.html\">Leseprobe<\/a><\/span> &nbsp;&nbsp; <span style=\"color: #ff0000;\"><a style=\"color: #ff0000;\" rel=\"noopener noreferrer\" href=\"http:\/\/www.thalia.de\/shop\/home\/suggestartikel\/ID47362192.html?sswg=ANY&amp;sq=B%F6ses%20ist%20relativ\" target=\"_blank\">Bestellen bei Thalia<\/a><\/span> &nbsp; &nbsp;<span style=\"color: #ff0000;\"> <a style=\"color: #ff0000;\" rel=\"noopener noreferrer\" href=\"https:\/\/www.amazon.de\/B%C3%B6ses-ist-relativ-Wahnsinns-letzter\/dp\/3741281360\/ref=asap_bc?ie=UTF8\" target=\"_blank\">Bestellen bei Amazon<\/a> <\/span><\/p>\n","protected":false},"excerpt":{"rendered":"<p>&#8222;Stille&#8220; Mit Koautorin Jana G\u00e4bert Einmal ein Tabu brechen? Das bizarre Abenteuer mit diesem \u00e4u\u00dferst selbstbewussten Professor wagen? Diese Gedanken lassen Tatjana [&hellip;]<\/p>\n","protected":false},"author":1,"featured_media":0,"parent":0,"menu_order":0,"comment_status":"closed","ping_status":"closed","template":"","meta":{"footnotes":""},"class_list":["post-771","page","type-page","status-publish","hentry"],"_links":{"self":[{"href":"https:\/\/hannahdegroth.de\/index.php?rest_route=\/wp\/v2\/pages\/771","targetHints":{"allow":["GET"]}}],"collection":[{"href":"https:\/\/hannahdegroth.de\/index.php?rest_route=\/wp\/v2\/pages"}],"about":[{"href":"https:\/\/hannahdegroth.de\/index.php?rest_route=\/wp\/v2\/types\/page"}],"author":[{"embeddable":true,"href":"https:\/\/hannahdegroth.de\/index.php?rest_route=\/wp\/v2\/users\/1"}],"replies":[{"embeddable":true,"href":"https:\/\/hannahdegroth.de\/index.php?rest_route=%2Fwp%2Fv2%2Fcomments&post=771"}],"version-history":[{"count":1,"href":"https:\/\/hannahdegroth.de\/index.php?rest_route=\/wp\/v2\/pages\/771\/revisions"}],"predecessor-version":[{"id":773,"href":"https:\/\/hannahdegroth.de\/index.php?rest_route=\/wp\/v2\/pages\/771\/revisions\/773"}],"wp:attachment":[{"href":"https:\/\/hannahdegroth.de\/index.php?rest_route=%2Fwp%2Fv2%2Fmedia&parent=771"}],"curies":[{"name":"wp","href":"https:\/\/api.w.org\/{rel}","templated":true}]}}